{"id":39,"date":"2013-11-09T14:11:19","date_gmt":"2013-11-09T14:11:19","guid":{"rendered":"http:\/\/www.andreasen.cc\/wordpress\/?page_id=39"},"modified":"2013-11-09T14:55:04","modified_gmt":"2013-11-09T14:55:04","slug":"klatreruter","status":"publish","type":"page","link":"https:\/\/www.andreasen.cc\/wordpress\/klatreruter\/","title":{"rendered":"Klatreruter"},"content":{"rendered":"<p>Marker dine fede boulderproblemer, s\u00e5 andre ogs\u00e5 kan pr\u00f8ve dem!<\/p>\n<p>Features:<br \/>\n&#8211; opret ruter<br \/>\n&#8211; se detaljer om andres oprettede ruter<br \/>\n&#8211; tilf\u00f8j &#8220;&#8221;Likes&#8221;&#8221; til ruter<br \/>\n&#8211; marker rute som nedtaget<br \/>\n&#8211; intuitiv simpelt interface til rute markering<br \/>\n&#8211; markeringer kan placeres, flyttes og slettes<\/p>\n<p>Med Klatreruter app&#8217;en kan du markere klatreruter og gemme dem hos Klatresteder.dk.<br \/>\nApp&#8217;en er lavet for at klatreklubbers medlemmer har lettere ved at oprette og dele boulderproblemer.<\/p>\n<p><a href=\"https:\/\/play.google.com\/store\/apps\/details?id=cc.andreasen.android.klatreruter\"><br \/>\n<img alt=\"Get it on Google Play\" src=\"https:\/\/developer.android.com\/images\/brand\/da_generic_rgb_wo_45.png\" \/><br \/>\n<\/a><\/p>\n","protected":false},"excerpt":{"rendered":"<p>Marker dine fede boulderproblemer, s\u00e5 andre ogs\u00e5 kan pr\u00f8ve dem! Features: &#8211; opret ruter &#8211; se detaljer om andres oprettede ruter &#8211; tilf\u00f8j &#8220;&#8221;Likes&#8221;&#8221; til ruter &#8211; marker rute som nedtaget &#8211; intuitiv simpelt interface til rute markering &#8211; markeringer &hellip;<\/p>\n<p class=\"read-more\"> <a class=\"more-link\" href=\"https:\/\/www.andreasen.cc\/wordpress\/klatreruter\/\"> <span class=\"screen-reader-text\">Klatreruter<\/span> Read More &raquo;<\/a><\/p>\n","protected":false},"author":1,"featured_media":0,"parent":0,"menu_order":0,"comment_status":"closed","ping_status":"closed","template":"","meta":{"_monsterinsights_skip_tracking":false,"_monsterinsights_sitenote_active":false,"_monsterinsights_sitenote_note":"","_monsterinsights_sitenote_category":0},"_links":{"self":[{"href":"https:\/\/www.andreasen.cc\/wordpress\/wp-json\/wp\/v2\/pages\/39"}],"collection":[{"href":"https:\/\/www.andreasen.cc\/wordpress\/wp-json\/wp\/v2\/pages"}],"about":[{"href":"https:\/\/www.andreasen.cc\/wordpress\/wp-json\/wp\/v2\/types\/page"}],"author":[{"embeddable":true,"href":"https:\/\/www.andreasen.cc\/wordpress\/wp-json\/wp\/v2\/users\/1"}],"replies":[{"embeddable":true,"href":"https:\/\/www.andreasen.cc\/wordpress\/wp-json\/wp\/v2\/comments?post=39"}],"version-history":[{"count":1,"href":"https:\/\/www.andreasen.cc\/wordpress\/wp-json\/wp\/v2\/pages\/39\/revisions"}],"predecessor-version":[{"id":40,"href":"https:\/\/www.andreasen.cc\/wordpress\/wp-json\/wp\/v2\/pages\/39\/revisions\/40"}],"wp:attachment":[{"href":"https:\/\/www.andreasen.cc\/wordpress\/wp-json\/wp\/v2\/media?parent=39"}],"curies":[{"name":"wp","href":"https:\/\/api.w.org\/{rel}","templated":true}]}}