{"id":10,"date":"2012-06-14T15:03:15","date_gmt":"2012-06-14T15:03:15","guid":{"rendered":"http:\/\/www.andreasen.cc\/wordpress\/?page_id=10"},"modified":"2013-11-09T14:13:11","modified_gmt":"2013-11-09T14:13:11","slug":"klatring-pa-bornholm-til-android","status":"publish","type":"page","link":"https:\/\/www.andreasen.cc\/wordpress\/klatring-pa-bornholm-til-android\/","title":{"rendered":"Klatring p\u00e5 Bornholm"},"content":{"rendered":"<p>Klatring p\u00e5 Bornholm er din h\u00e5ndholdte klatre f\u00f8rer til al klatring p\u00e5 Bornholm.<br \/>\nKlipper, sektorer og ruter er beskrevet og mange ruter er tegnet ind p\u00e5 billeder.<br \/>\nDu beh\u00f8ver ikke netforbindelse for at bruge f\u00f8reren &#8211; du har det hele med dig p\u00e5 din telefon.<br \/>\nApp&#8217;en er udarbejdet i samarbejde med Bornholms komiteen under Dansk Klatreforbund og www.rockclimbing.dk<\/p>\n<p><a href=\"https:\/\/play.google.com\/store\/apps\/details?id=cc.andreasen.bornClimb\"><br \/>\n<img alt=\"Get it on Google Play\" src=\"https:\/\/developer.android.com\/images\/brand\/da_generic_rgb_wo_45.png\" \/><br \/>\n<\/a><\/p>\n","protected":false},"excerpt":{"rendered":"<p>Klatring p\u00e5 Bornholm er din h\u00e5ndholdte klatre f\u00f8rer til al klatring p\u00e5 Bornholm. Klipper, sektorer og ruter er beskrevet og mange ruter er tegnet ind p\u00e5 billeder. Du beh\u00f8ver ikke netforbindelse for at bruge f\u00f8reren &#8211; du har det hele &hellip;<\/p>\n<p class=\"read-more\"> <a class=\"more-link\" href=\"https:\/\/www.andreasen.cc\/wordpress\/klatring-pa-bornholm-til-android\/\"> <span class=\"screen-reader-text\">Klatring p\u00e5 Bornholm<\/span> Read More &raquo;<\/a><\/p>\n","protected":false},"author":1,"featured_media":0,"parent":0,"menu_order":0,"comment_status":"closed","ping_status":"closed","template":"","meta":{"_monsterinsights_skip_tracking":false,"_monsterinsights_sitenote_active":false,"_monsterinsights_sitenote_note":"","_monsterinsights_sitenote_category":0},"_links":{"self":[{"href":"https:\/\/www.andreasen.cc\/wordpress\/wp-json\/wp\/v2\/pages\/10"}],"collection":[{"href":"https:\/\/www.andreasen.cc\/wordpress\/wp-json\/wp\/v2\/pages"}],"about":[{"href":"https:\/\/www.andreasen.cc\/wordpress\/wp-json\/wp\/v2\/types\/page"}],"author":[{"embeddable":true,"href":"https:\/\/www.andreasen.cc\/wordpress\/wp-json\/wp\/v2\/users\/1"}],"replies":[{"embeddable":true,"href":"https:\/\/www.andreasen.cc\/wordpress\/wp-json\/wp\/v2\/comments?post=10"}],"version-history":[{"count":2,"href":"https:\/\/www.andreasen.cc\/wordpress\/wp-json\/wp\/v2\/pages\/10\/revisions"}],"predecessor-version":[{"id":43,"href":"https:\/\/www.andreasen.cc\/wordpress\/wp-json\/wp\/v2\/pages\/10\/revisions\/43"}],"wp:attachment":[{"href":"https:\/\/www.andreasen.cc\/wordpress\/wp-json\/wp\/v2\/media?parent=10"}],"curies":[{"name":"wp","href":"https:\/\/api.w.org\/{rel}","templated":true}]}}